{"id":6270,"date":"2020-05-08T21:29:00","date_gmt":"2020-05-08T21:29:00","guid":{"rendered":"https:\/\/essentialsbyhana.com\/mentions-legales\/"},"modified":"2022-12-13T15:56:13","modified_gmt":"2022-12-13T15:56:13","slug":"informacao-legal","status":"publish","type":"page","link":"https:\/\/essentialsbyhana.com\/pt-pt\/informacao-legal\/","title":{"rendered":"Informa\u00e7\u00e3o legal"},"content":{"rendered":"\n<p>Este site (o \u201cSite\u201d) \u00e9 publicado pelo Hana Group SAS com um capital de 32.966.867,44 euros, registado no Registo Comercial e Comercial de Nanterre sob o n\u00famero 810 668 145, cuja sede social se situa na rue Jean Jaur\u00e8s 101- 109, 92300 Levallois-Perret, Fran\u00e7a. Tel: + 33 1 84 76 02 80.<\/p>\n\n\n\n<p>O Director da publica\u00e7\u00e3o do Site \u00e9: Eduardo ROMERO.<br><\/p>\n\n\n\n<p>O Site \u00e9 alojado pela KINSTA Inc, cuja sede social est\u00e1 localizada em 8605 Santa Monica Blvd #92581, West Hollywood, CA 90069, EUA. Tel: +44 20 3239 3173.<\/p>\n","protected":false},"excerpt":{"rendered":"<p>Este site (o \u201cSite\u201d) \u00e9 publicado pelo Hana Group SAS com um capital de 32.966.867,44 euros, registado no Registo Comercial e Comercial de Nanterre sob o n\u00famero 810 668 145, cuja sede social se situa na rue Jean Jaur\u00e8s 101- 109, 92300 Levallois-Perret, Fran\u00e7a. Tel: + 33 1 84 76 02 80. O Director da [&hellip;]<\/p>\n","protected":false},"author":1,"featured_media":0,"parent":0,"menu_order":0,"comment_status":"closed","ping_status":"closed","template":"","meta":{"_acf_changed":false,"footnotes":""},"class_list":["post-6270","page","type-page","status-publish","hentry"],"acf":[],"yoast_head":"<!-- This site is optimized with the Yoast SEO plugin v22.1 - https:\/\/yoast.com\/wordpress\/plugins\/seo\/ -->\n<title>Informa\u00e7\u00e3o legal - Essentials by Hana<\/title>\n<meta name=\"robots\" content=\"index, follow, max-snippet:-1, max-image-preview:large, max-video-preview:-1\" \/>\n<link rel=\"canonical\" href=\"https:\/\/essentialsbyhana.com\/pt-pt\/informacao-legal\/\" \/>\n<meta property=\"og:locale\" content=\"pt_PT\" \/>\n<meta property=\"og:type\" content=\"article\" \/>\n<meta property=\"og:title\" content=\"Informa\u00e7\u00e3o legal - Essentials by Hana\" \/>\n<meta property=\"og:description\" content=\"Este site (o \u201cSite\u201d) \u00e9 publicado pelo Hana Group SAS com um capital de 32.966.867,44 euros, registado no Registo Comercial e Comercial de Nanterre sob o n\u00famero 810 668 145, cuja sede social se situa na rue Jean Jaur\u00e8s 101- 109, 92300 Levallois-Perret, Fran\u00e7a. Tel: + 33 1 84 76 02 80. O Director da [&hellip;]\" \/>\n<meta property=\"og:url\" content=\"https:\/\/essentialsbyhana.com\/pt-pt\/informacao-legal\/\" \/>\n<meta property=\"og:site_name\" content=\"Essentials by Hana\" \/>\n<meta property=\"article:modified_time\" content=\"2022-12-13T15:56:13+00:00\" \/>\n<meta name=\"twitter:card\" content=\"summary_large_image\" \/>\n<meta name=\"twitter:label1\" content=\"Est. reading time\" \/>\n\t<meta name=\"twitter:data1\" content=\"1 minuto\" \/>\n<script type=\"application\/ld+json\" class=\"yoast-schema-graph\">{\"@context\":\"https:\/\/schema.org\",\"@graph\":[{\"@type\":\"WebPage\",\"@id\":\"https:\/\/essentialsbyhana.com\/pt-pt\/informacao-legal\/\",\"url\":\"https:\/\/essentialsbyhana.com\/pt-pt\/informacao-legal\/\",\"name\":\"Informa\u00e7\u00e3o legal - Essentials by Hana\",\"isPartOf\":{\"@id\":\"https:\/\/essentialsbyhana.com\/#website\"},\"datePublished\":\"2020-05-08T21:29:00+00:00\",\"dateModified\":\"2022-12-13T15:56:13+00:00\",\"breadcrumb\":{\"@id\":\"https:\/\/essentialsbyhana.com\/pt-pt\/informacao-legal\/#breadcrumb\"},\"inLanguage\":\"pt-PT\",\"potentialAction\":[{\"@type\":\"ReadAction\",\"target\":[\"https:\/\/essentialsbyhana.com\/pt-pt\/informacao-legal\/\"]}]},{\"@type\":\"BreadcrumbList\",\"@id\":\"https:\/\/essentialsbyhana.com\/pt-pt\/informacao-legal\/#breadcrumb\",\"itemListElement\":[{\"@type\":\"ListItem\",\"position\":1,\"name\":\"In\u00edcio\",\"item\":\"https:\/\/essentialsbyhana.com\/pt-pt\/\"},{\"@type\":\"ListItem\",\"position\":2,\"name\":\"Informa\u00e7\u00e3o legal\"}]},{\"@type\":\"WebSite\",\"@id\":\"https:\/\/essentialsbyhana.com\/#website\",\"url\":\"https:\/\/essentialsbyhana.com\/\",\"name\":\"Essentials by Hana\",\"description\":\"Just another WordPress site\",\"potentialAction\":[{\"@type\":\"SearchAction\",\"target\":{\"@type\":\"EntryPoint\",\"urlTemplate\":\"https:\/\/essentialsbyhana.com\/?s={search_term_string}\"},\"query-input\":\"required name=search_term_string\"}],\"inLanguage\":\"pt-PT\"}]}<\/script>\n<!-- \/ Yoast SEO plugin. -->","yoast_head_json":{"title":"Informa\u00e7\u00e3o legal - Essentials by Hana","robots":{"index":"index","follow":"follow","max-snippet":"max-snippet:-1","max-image-preview":"max-image-preview:large","max-video-preview":"max-video-preview:-1"},"canonical":"https:\/\/essentialsbyhana.com\/pt-pt\/informacao-legal\/","og_locale":"pt_PT","og_type":"article","og_title":"Informa\u00e7\u00e3o legal - Essentials by Hana","og_description":"Este site (o \u201cSite\u201d) \u00e9 publicado pelo Hana Group SAS com um capital de 32.966.867,44 euros, registado no Registo Comercial e Comercial de Nanterre sob o n\u00famero 810 668 145, cuja sede social se situa na rue Jean Jaur\u00e8s 101- 109, 92300 Levallois-Perret, Fran\u00e7a. Tel: + 33 1 84 76 02 80. O Director da [&hellip;]","og_url":"https:\/\/essentialsbyhana.com\/pt-pt\/informacao-legal\/","og_site_name":"Essentials by Hana","article_modified_time":"2022-12-13T15:56:13+00:00","twitter_card":"summary_large_image","twitter_misc":{"Est. reading time":"1 minuto"},"schema":{"@context":"https:\/\/schema.org","@graph":[{"@type":"WebPage","@id":"https:\/\/essentialsbyhana.com\/pt-pt\/informacao-legal\/","url":"https:\/\/essentialsbyhana.com\/pt-pt\/informacao-legal\/","name":"Informa\u00e7\u00e3o legal - Essentials by Hana","isPartOf":{"@id":"https:\/\/essentialsbyhana.com\/#website"},"datePublished":"2020-05-08T21:29:00+00:00","dateModified":"2022-12-13T15:56:13+00:00","breadcrumb":{"@id":"https:\/\/essentialsbyhana.com\/pt-pt\/informacao-legal\/#breadcrumb"},"inLanguage":"pt-PT","potentialAction":[{"@type":"ReadAction","target":["https:\/\/essentialsbyhana.com\/pt-pt\/informacao-legal\/"]}]},{"@type":"BreadcrumbList","@id":"https:\/\/essentialsbyhana.com\/pt-pt\/informacao-legal\/#breadcrumb","itemListElement":[{"@type":"ListItem","position":1,"name":"In\u00edcio","item":"https:\/\/essentialsbyhana.com\/pt-pt\/"},{"@type":"ListItem","position":2,"name":"Informa\u00e7\u00e3o legal"}]},{"@type":"WebSite","@id":"https:\/\/essentialsbyhana.com\/#website","url":"https:\/\/essentialsbyhana.com\/","name":"Essentials by Hana","description":"Just another WordPress site","potentialAction":[{"@type":"SearchAction","target":{"@type":"EntryPoint","urlTemplate":"https:\/\/essentialsbyhana.com\/?s={search_term_string}"},"query-input":"required name=search_term_string"}],"inLanguage":"pt-PT"}]}},"_links":{"self":[{"href":"https:\/\/essentialsbyhana.com\/pt-pt\/wp-json\/wp\/v2\/pages\/6270"}],"collection":[{"href":"https:\/\/essentialsbyhana.com\/pt-pt\/wp-json\/wp\/v2\/pages"}],"about":[{"href":"https:\/\/essentialsbyhana.com\/pt-pt\/wp-json\/wp\/v2\/types\/page"}],"author":[{"embeddable":true,"href":"https:\/\/essentialsbyhana.com\/pt-pt\/wp-json\/wp\/v2\/users\/1"}],"replies":[{"embeddable":true,"href":"https:\/\/essentialsbyhana.com\/pt-pt\/wp-json\/wp\/v2\/comments?post=6270"}],"version-history":[{"count":1,"href":"https:\/\/essentialsbyhana.com\/pt-pt\/wp-json\/wp\/v2\/pages\/6270\/revisions"}],"predecessor-version":[{"id":6272,"href":"https:\/\/essentialsbyhana.com\/pt-pt\/wp-json\/wp\/v2\/pages\/6270\/revisions\/6272"}],"wp:attachment":[{"href":"https:\/\/essentialsbyhana.com\/pt-pt\/wp-json\/wp\/v2\/media?parent=6270"}],"curies":[{"name":"wp","href":"https:\/\/api.w.org\/{rel}","templated":true}]}}