{"id":6435,"date":"2020-05-08T21:29:00","date_gmt":"2020-05-08T21:29:00","guid":{"rendered":"https:\/\/essentialsbyhana.com\/mentions-legales\/"},"modified":"2022-12-14T09:42:53","modified_gmt":"2022-12-14T09:42:53","slug":"nota-prawna","status":"publish","type":"page","link":"https:\/\/essentialsbyhana.com\/pl\/nota-prawna\/","title":{"rendered":"Nota prawna"},"content":{"rendered":"\n<p>Ta witryna (\u201eWitryna\u201d) jest publikowana przez Hana Group SAS z kapita\u0142em 32 966 867,44 euro, zarejestrowan\u0105 w Rejestrze Handlowym i Sp\u00f3\u0142ek Nanterre pod numerem 810 668 145, kt\u00f3rej siedziba znajduje si\u0119 pod adresem 101-109 rue Jean Jaures, 92300 Levallois-Perret, Francja. Tel: + 33 1 84 76 02 80.<\/p>\n\n\n\n<p>Dyrektorem Publikacyjnym Serwisu jest: Eduardo ROMERO.<\/p>\n\n\n\n<p>Witryna jest hostowana przez firm\u0119 KINSTA Inc., kt\u00f3rej g\u0142\u00f3wna siedziba znajduje si\u0119 pod adresem 8605 Santa Monica Blvd #92581, West Hollywood, CA 90069, USA. Tel: +44 20 3239 3173.<\/p>\n","protected":false},"excerpt":{"rendered":"<p>Ta witryna (\u201eWitryna\u201d) jest publikowana przez Hana Group SAS z kapita\u0142em 32 966 867,44 euro, zarejestrowan\u0105 w Rejestrze Handlowym i Sp\u00f3\u0142ek Nanterre pod numerem 810 668 145, kt\u00f3rej siedziba znajduje si\u0119 pod adresem 101-109 rue Jean Jaures, 92300 Levallois-Perret, Francja. Tel: + 33 1 84 76 02 80. Dyrektorem Publikacyjnym Serwisu jest: Eduardo ROMERO. Witryna [&hellip;]<\/p>\n","protected":false},"author":1,"featured_media":0,"parent":0,"menu_order":0,"comment_status":"closed","ping_status":"closed","template":"","meta":{"_acf_changed":false,"footnotes":""},"class_list":["post-6435","page","type-page","status-publish","hentry"],"acf":[],"yoast_head":"<!-- This site is optimized with the Yoast SEO plugin v22.1 - https:\/\/yoast.com\/wordpress\/plugins\/seo\/ -->\n<title>Nota prawna - Essentials by Hana<\/title>\n<meta name=\"robots\" content=\"index, follow, max-snippet:-1, max-image-preview:large, max-video-preview:-1\" \/>\n<link rel=\"canonical\" href=\"https:\/\/essentialsbyhana.com\/pl\/nota-prawna\/\" \/>\n<meta property=\"og:locale\" content=\"pl_PL\" \/>\n<meta property=\"og:type\" content=\"article\" \/>\n<meta property=\"og:title\" content=\"Nota prawna - Essentials by Hana\" \/>\n<meta property=\"og:description\" content=\"Ta witryna (\u201eWitryna\u201d) jest publikowana przez Hana Group SAS z kapita\u0142em 32 966 867,44 euro, zarejestrowan\u0105 w Rejestrze Handlowym i Sp\u00f3\u0142ek Nanterre pod numerem 810 668 145, kt\u00f3rej siedziba znajduje si\u0119 pod adresem 101-109 rue Jean Jaures, 92300 Levallois-Perret, Francja. Tel: + 33 1 84 76 02 80. Dyrektorem Publikacyjnym Serwisu jest: Eduardo ROMERO. Witryna [&hellip;]\" \/>\n<meta property=\"og:url\" content=\"https:\/\/essentialsbyhana.com\/pl\/nota-prawna\/\" \/>\n<meta property=\"og:site_name\" content=\"Essentials by Hana\" \/>\n<meta property=\"article:modified_time\" content=\"2022-12-14T09:42:53+00:00\" \/>\n<meta name=\"twitter:card\" content=\"summary_large_image\" \/>\n<meta name=\"twitter:label1\" content=\"Est. reading time\" \/>\n\t<meta name=\"twitter:data1\" content=\"1 minuta\" \/>\n<script type=\"application\/ld+json\" class=\"yoast-schema-graph\">{\"@context\":\"https:\/\/schema.org\",\"@graph\":[{\"@type\":\"WebPage\",\"@id\":\"https:\/\/essentialsbyhana.com\/pl\/nota-prawna\/\",\"url\":\"https:\/\/essentialsbyhana.com\/pl\/nota-prawna\/\",\"name\":\"Nota prawna - Essentials by Hana\",\"isPartOf\":{\"@id\":\"https:\/\/essentialsbyhana.com\/#website\"},\"datePublished\":\"2020-05-08T21:29:00+00:00\",\"dateModified\":\"2022-12-14T09:42:53+00:00\",\"breadcrumb\":{\"@id\":\"https:\/\/essentialsbyhana.com\/pl\/nota-prawna\/#breadcrumb\"},\"inLanguage\":\"pl-PL\",\"potentialAction\":[{\"@type\":\"ReadAction\",\"target\":[\"https:\/\/essentialsbyhana.com\/pl\/nota-prawna\/\"]}]},{\"@type\":\"BreadcrumbList\",\"@id\":\"https:\/\/essentialsbyhana.com\/pl\/nota-prawna\/#breadcrumb\",\"itemListElement\":[{\"@type\":\"ListItem\",\"position\":1,\"name\":\"Strona g\u0142\u00f3wna\",\"item\":\"https:\/\/essentialsbyhana.com\/pl\/\"},{\"@type\":\"ListItem\",\"position\":2,\"name\":\"Nota prawna\"}]},{\"@type\":\"WebSite\",\"@id\":\"https:\/\/essentialsbyhana.com\/#website\",\"url\":\"https:\/\/essentialsbyhana.com\/\",\"name\":\"Essentials by Hana\",\"description\":\"Just another WordPress site\",\"potentialAction\":[{\"@type\":\"SearchAction\",\"target\":{\"@type\":\"EntryPoint\",\"urlTemplate\":\"https:\/\/essentialsbyhana.com\/?s={search_term_string}\"},\"query-input\":\"required name=search_term_string\"}],\"inLanguage\":\"pl-PL\"}]}<\/script>\n<!-- \/ Yoast SEO plugin. -->","yoast_head_json":{"title":"Nota prawna - Essentials by Hana","robots":{"index":"index","follow":"follow","max-snippet":"max-snippet:-1","max-image-preview":"max-image-preview:large","max-video-preview":"max-video-preview:-1"},"canonical":"https:\/\/essentialsbyhana.com\/pl\/nota-prawna\/","og_locale":"pl_PL","og_type":"article","og_title":"Nota prawna - Essentials by Hana","og_description":"Ta witryna (\u201eWitryna\u201d) jest publikowana przez Hana Group SAS z kapita\u0142em 32 966 867,44 euro, zarejestrowan\u0105 w Rejestrze Handlowym i Sp\u00f3\u0142ek Nanterre pod numerem 810 668 145, kt\u00f3rej siedziba znajduje si\u0119 pod adresem 101-109 rue Jean Jaures, 92300 Levallois-Perret, Francja. Tel: + 33 1 84 76 02 80. Dyrektorem Publikacyjnym Serwisu jest: Eduardo ROMERO. Witryna [&hellip;]","og_url":"https:\/\/essentialsbyhana.com\/pl\/nota-prawna\/","og_site_name":"Essentials by Hana","article_modified_time":"2022-12-14T09:42:53+00:00","twitter_card":"summary_large_image","twitter_misc":{"Est. reading time":"1 minuta"},"schema":{"@context":"https:\/\/schema.org","@graph":[{"@type":"WebPage","@id":"https:\/\/essentialsbyhana.com\/pl\/nota-prawna\/","url":"https:\/\/essentialsbyhana.com\/pl\/nota-prawna\/","name":"Nota prawna - Essentials by Hana","isPartOf":{"@id":"https:\/\/essentialsbyhana.com\/#website"},"datePublished":"2020-05-08T21:29:00+00:00","dateModified":"2022-12-14T09:42:53+00:00","breadcrumb":{"@id":"https:\/\/essentialsbyhana.com\/pl\/nota-prawna\/#breadcrumb"},"inLanguage":"pl-PL","potentialAction":[{"@type":"ReadAction","target":["https:\/\/essentialsbyhana.com\/pl\/nota-prawna\/"]}]},{"@type":"BreadcrumbList","@id":"https:\/\/essentialsbyhana.com\/pl\/nota-prawna\/#breadcrumb","itemListElement":[{"@type":"ListItem","position":1,"name":"Strona g\u0142\u00f3wna","item":"https:\/\/essentialsbyhana.com\/pl\/"},{"@type":"ListItem","position":2,"name":"Nota prawna"}]},{"@type":"WebSite","@id":"https:\/\/essentialsbyhana.com\/#website","url":"https:\/\/essentialsbyhana.com\/","name":"Essentials by Hana","description":"Just another WordPress site","potentialAction":[{"@type":"SearchAction","target":{"@type":"EntryPoint","urlTemplate":"https:\/\/essentialsbyhana.com\/?s={search_term_string}"},"query-input":"required name=search_term_string"}],"inLanguage":"pl-PL"}]}},"_links":{"self":[{"href":"https:\/\/essentialsbyhana.com\/pl\/wp-json\/wp\/v2\/pages\/6435"}],"collection":[{"href":"https:\/\/essentialsbyhana.com\/pl\/wp-json\/wp\/v2\/pages"}],"about":[{"href":"https:\/\/essentialsbyhana.com\/pl\/wp-json\/wp\/v2\/types\/page"}],"author":[{"embeddable":true,"href":"https:\/\/essentialsbyhana.com\/pl\/wp-json\/wp\/v2\/users\/1"}],"replies":[{"embeddable":true,"href":"https:\/\/essentialsbyhana.com\/pl\/wp-json\/wp\/v2\/comments?post=6435"}],"version-history":[{"count":2,"href":"https:\/\/essentialsbyhana.com\/pl\/wp-json\/wp\/v2\/pages\/6435\/revisions"}],"predecessor-version":[{"id":6438,"href":"https:\/\/essentialsbyhana.com\/pl\/wp-json\/wp\/v2\/pages\/6435\/revisions\/6438"}],"wp:attachment":[{"href":"https:\/\/essentialsbyhana.com\/pl\/wp-json\/wp\/v2\/media?parent=6435"}],"curies":[{"name":"wp","href":"https:\/\/api.w.org\/{rel}","templated":true}]}}